{"id":119,"date":"2023-06-19T15:46:06","date_gmt":"2023-06-19T13:46:06","guid":{"rendered":"https:\/\/auto-nettoyage56.fr\/?page_id=119"},"modified":"2023-09-06T09:21:58","modified_gmt":"2023-09-06T07:21:58","slug":"mentions-legales","status":"publish","type":"page","link":"https:\/\/auto-nettoyage56.fr\/index.php\/mentions-legales\/","title":{"rendered":"Mentions L\u00e9gales"},"content":{"rendered":"<style>\/*! elementor - v3.15.0 - 20-08-2023 *\/<br \/>\n.elementor-heading-title{padding:0;margin:0;line-height:1}.elementor-widget-heading .elementor-heading-title[class*=elementor-size-]>a{color:inherit;font-size:inherit;line-height:inherit}.elementor-widget-heading .elementor-heading-title.elementor-size-small{font-size:15px}.elementor-widget-heading .elementor-heading-title.elementor-size-medium{font-size:19px}.elementor-widget-heading .elementor-heading-title.elementor-size-large{font-size:29px}.elementor-widget-heading .elementor-heading-title.elementor-size-xl{font-size:39px}.elementor-widget-heading .elementor-heading-title.elementor-size-xxl{font-size:59px}<\/style>\n<h2>Mentions L\u00e9gales<\/h2>\n<p><b>\u00c9dition du site Internet<\/b><\/p>\n<p>Le site Auto Nettoyage 56, accessible \u00e0 l\u2019adresse https:\/\/auto-nettoyage56.fr\/&nbsp;est \u00e9dit\u00e9 par Guillaume Leneutre, dont le domicile est situ\u00e9 200, rue Pierre Landais Zone de kerpont Bellevue 56850 Caudan (<a href=\"tel:0769766651\">07 69 76 66 51<\/a>, contact@auto-nettoyage56.fr).<\/p>\n<p>RCS : 95112189600017 Caudan<\/p>\n<p><b>R\u00e9daction du site Internet<\/b><\/p>\n<p>Directeur de la publication : Guillaume Leneutre<\/p>\n<p>Contact : <a href=\"tel:0769766651\">07 69 76 66 51<\/a>, contact@auto-nettoyage56.fr<\/p>\n<p><b>H\u00e9bergeur du site Internet<\/b><\/p>\n<p>Le site Auto Nettoyage 56 est h\u00e9berg\u00e9 par Hostinger,&nbsp;dont le si\u00e8ge social est situ\u00e9 Rue \u0160vitrigailos 34, 03230 Vilnius, Lituanie, joignable par le moyen suivant : +37064503378.<\/p>\n","protected":false},"excerpt":{"rendered":"<p>Mentions L\u00e9gales \u00c9dition du site Internet Le site Auto Nettoyage 56, accessible \u00e0 l\u2019adresse https:\/\/auto-nettoyage56.fr\/&nbsp;est \u00e9dit\u00e9 par Guillaume Leneutre, dont le domicile est situ\u00e9 200, rue Pierre Landais Zone de kerpont Bellevue 56850 Caudan (07 69 76 66 51, contact@auto-nettoyage56.fr). RCS : 95112189600017 Caudan R\u00e9daction du site Internet Directeur de la publication : Guillaume Leneutre [&hellip;]<\/p>\n","protected":false},"author":1,"featured_media":0,"parent":0,"menu_order":0,"comment_status":"closed","ping_status":"closed","template":"","meta":{"ocean_post_layout":"","ocean_both_sidebars_style":"","ocean_both_sidebars_content_width":0,"ocean_both_sidebars_sidebars_width":0,"ocean_sidebar":"0","ocean_second_sidebar":"0","ocean_disable_margins":"enable","ocean_add_body_class":"","ocean_shortcode_before_top_bar":"","ocean_shortcode_after_top_bar":"","ocean_shortcode_before_header":"","ocean_shortcode_after_header":"","ocean_has_shortcode":"","ocean_shortcode_after_title":"","ocean_shortcode_before_footer_widgets":"","ocean_shortcode_after_footer_widgets":"","ocean_shortcode_before_footer_bottom":"","ocean_shortcode_after_footer_bottom":"","ocean_display_top_bar":"default","ocean_display_header":"default","ocean_header_style":"","ocean_center_header_left_menu":"0","ocean_custom_header_template":"0","ocean_custom_logo":0,"ocean_custom_retina_logo":0,"ocean_custom_logo_max_width":0,"ocean_custom_logo_tablet_max_width":0,"ocean_custom_logo_mobile_max_width":0,"ocean_custom_logo_max_height":0,"ocean_custom_logo_tablet_max_height":0,"ocean_custom_logo_mobile_max_height":0,"ocean_header_custom_menu":"0","ocean_menu_typo_font_family":"0","ocean_menu_typo_font_subset":"","ocean_menu_typo_font_size":0,"ocean_menu_typo_font_size_tablet":0,"ocean_menu_typo_font_size_mobile":0,"ocean_menu_typo_font_size_unit":"px","ocean_menu_typo_font_weight":"","ocean_menu_typo_font_weight_tablet":"","ocean_menu_typo_font_weight_mobile":"","ocean_menu_typo_transform":"","ocean_menu_typo_transform_tablet":"","ocean_menu_typo_transform_mobile":"","ocean_menu_typo_line_height":0,"ocean_menu_typo_line_height_tablet":0,"ocean_menu_typo_line_height_mobile":0,"ocean_menu_typo_line_height_unit":"","ocean_menu_typo_spacing":0,"ocean_menu_typo_spacing_tablet":0,"ocean_menu_typo_spacing_mobile":0,"ocean_menu_typo_spacing_unit":"","ocean_menu_link_color":"","ocean_menu_link_color_hover":"","ocean_menu_link_color_active":"","ocean_menu_link_background":"","ocean_menu_link_hover_background":"","ocean_menu_link_active_background":"","ocean_menu_social_links_bg":"","ocean_menu_social_hover_links_bg":"","ocean_menu_social_links_color":"","ocean_menu_social_hover_links_color":"","ocean_disable_title":"on","ocean_disable_heading":"default","ocean_post_title":"","ocean_post_subheading":"","ocean_post_title_style":"","ocean_post_title_background_color":"","ocean_post_title_background":0,"ocean_post_title_bg_image_position":"","ocean_post_title_bg_image_attachment":"","ocean_post_title_bg_image_repeat":"","ocean_post_title_bg_image_size":"","ocean_post_title_height":0,"ocean_post_title_bg_overlay":0.5,"ocean_post_title_bg_overlay_color":"","ocean_disable_breadcrumbs":"off","ocean_breadcrumbs_color":"","ocean_breadcrumbs_separator_color":"","ocean_breadcrumbs_links_color":"","ocean_breadcrumbs_links_hover_color":"","ocean_display_footer_widgets":"default","ocean_display_footer_bottom":"default","ocean_custom_footer_template":"0","footnotes":""},"yoast_head":"<!-- This site is optimized with the Yoast SEO plugin v21.2 - https:\/\/yoast.com\/wordpress\/plugins\/seo\/ -->\n<title>Mentions L\u00e9gales - Auto Nettoyage 56<\/title>\n<meta name=\"robots\" content=\"index, follow, max-snippet:-1, max-image-preview:large, max-video-preview:-1\" \/>\n<link rel=\"canonical\" href=\"https:\/\/auto-nettoyage56.fr\/index.php\/mentions-legales\/\" \/>\n<meta property=\"og:locale\" content=\"fr_FR\" \/>\n<meta property=\"og:type\" content=\"article\" \/>\n<meta property=\"og:title\" content=\"Mentions L\u00e9gales - Auto Nettoyage 56\" \/>\n<meta property=\"og:description\" content=\"Mentions L\u00e9gales \u00c9dition du site Internet Le site Auto Nettoyage 56, accessible \u00e0 l\u2019adresse https:\/\/auto-nettoyage56.fr\/&nbsp;est \u00e9dit\u00e9 par Guillaume Leneutre, dont le domicile est situ\u00e9 200, rue Pierre Landais Zone de kerpont Bellevue 56850 Caudan (07 69 76 66 51, contact@auto-nettoyage56.fr). RCS : 95112189600017 Caudan R\u00e9daction du site Internet Directeur de la publication : Guillaume Leneutre [&hellip;]\" \/>\n<meta property=\"og:url\" content=\"https:\/\/auto-nettoyage56.fr\/index.php\/mentions-legales\/\" \/>\n<meta property=\"og:site_name\" content=\"Auto Nettoyage 56\" \/>\n<meta property=\"article:modified_time\" content=\"2023-09-06T07:21:58+00:00\" \/>\n<meta name=\"twitter:card\" content=\"summary_large_image\" \/>\n<meta name=\"twitter:label1\" content=\"Dur\u00e9e de lecture estim\u00e9e\" \/>\n\t<meta name=\"twitter:data1\" content=\"1 minute\" \/>\n<script type=\"application\/ld+json\" class=\"yoast-schema-graph\">{\"@context\":\"https:\/\/schema.org\",\"@graph\":[{\"@type\":\"WebPage\",\"@id\":\"https:\/\/auto-nettoyage56.fr\/index.php\/mentions-legales\/\",\"url\":\"https:\/\/auto-nettoyage56.fr\/index.php\/mentions-legales\/\",\"name\":\"Mentions L\u00e9gales - Auto Nettoyage 56\",\"isPartOf\":{\"@id\":\"https:\/\/auto-nettoyage56.fr\/#website\"},\"datePublished\":\"2023-06-19T13:46:06+00:00\",\"dateModified\":\"2023-09-06T07:21:58+00:00\",\"breadcrumb\":{\"@id\":\"https:\/\/auto-nettoyage56.fr\/index.php\/mentions-legales\/#breadcrumb\"},\"inLanguage\":\"fr-FR\",\"potentialAction\":[{\"@type\":\"ReadAction\",\"target\":[\"https:\/\/auto-nettoyage56.fr\/index.php\/mentions-legales\/\"]}]},{\"@type\":\"BreadcrumbList\",\"@id\":\"https:\/\/auto-nettoyage56.fr\/index.php\/mentions-legales\/#breadcrumb\",\"itemListElement\":[{\"@type\":\"ListItem\",\"position\":1,\"name\":\"Accueil\",\"item\":\"https:\/\/auto-nettoyage56.fr\/\"},{\"@type\":\"ListItem\",\"position\":2,\"name\":\"Mentions L\u00e9gales\"}]},{\"@type\":\"WebSite\",\"@id\":\"https:\/\/auto-nettoyage56.fr\/#website\",\"url\":\"https:\/\/auto-nettoyage56.fr\/\",\"name\":\"Auto Nettoyage 56\",\"description\":\"Nettoyage Auto | Detailing | Pr\u00e9paration esth\u00e9tique\",\"publisher\":{\"@id\":\"https:\/\/auto-nettoyage56.fr\/#organization\"},\"potentialAction\":[{\"@type\":\"SearchAction\",\"target\":{\"@type\":\"EntryPoint\",\"urlTemplate\":\"https:\/\/auto-nettoyage56.fr\/?s={search_term_string}\"},\"query-input\":\"required name=search_term_string\"}],\"inLanguage\":\"fr-FR\"},{\"@type\":\"Organization\",\"@id\":\"https:\/\/auto-nettoyage56.fr\/#organization\",\"name\":\"Auto Nettoyage 56\",\"url\":\"https:\/\/auto-nettoyage56.fr\/\",\"logo\":{\"@type\":\"ImageObject\",\"inLanguage\":\"fr-FR\",\"@id\":\"https:\/\/auto-nettoyage56.fr\/#\/schema\/logo\/image\/\",\"url\":\"https:\/\/auto-nettoyage56.fr\/wp-content\/uploads\/2025\/02\/cropped-cropped-Logo-Autonettoyage-56-blanc-e1739797704924-1.png\",\"contentUrl\":\"https:\/\/auto-nettoyage56.fr\/wp-content\/uploads\/2025\/02\/cropped-cropped-Logo-Autonettoyage-56-blanc-e1739797704924-1.png\",\"width\":350,\"height\":150,\"caption\":\"Auto Nettoyage 56\"},\"image\":{\"@id\":\"https:\/\/auto-nettoyage56.fr\/#\/schema\/logo\/image\/\"},\"sameAs\":[\"https:\/\/www.instagram.com\/auto_nettoyage56\/\"]}]}<\/script>\n<!-- \/ Yoast SEO plugin. -->","yoast_head_json":{"title":"Mentions L\u00e9gales - Auto Nettoyage 56","robots":{"index":"index","follow":"follow","max-snippet":"max-snippet:-1","max-image-preview":"max-image-preview:large","max-video-preview":"max-video-preview:-1"},"canonical":"https:\/\/auto-nettoyage56.fr\/index.php\/mentions-legales\/","og_locale":"fr_FR","og_type":"article","og_title":"Mentions L\u00e9gales - Auto Nettoyage 56","og_description":"Mentions L\u00e9gales \u00c9dition du site Internet Le site Auto Nettoyage 56, accessible \u00e0 l\u2019adresse https:\/\/auto-nettoyage56.fr\/&nbsp;est \u00e9dit\u00e9 par Guillaume Leneutre, dont le domicile est situ\u00e9 200, rue Pierre Landais Zone de kerpont Bellevue 56850 Caudan (07 69 76 66 51, contact@auto-nettoyage56.fr). RCS : 95112189600017 Caudan R\u00e9daction du site Internet Directeur de la publication : Guillaume Leneutre [&hellip;]","og_url":"https:\/\/auto-nettoyage56.fr\/index.php\/mentions-legales\/","og_site_name":"Auto Nettoyage 56","article_modified_time":"2023-09-06T07:21:58+00:00","twitter_card":"summary_large_image","twitter_misc":{"Dur\u00e9e de lecture estim\u00e9e":"1 minute"},"schema":{"@context":"https:\/\/schema.org","@graph":[{"@type":"WebPage","@id":"https:\/\/auto-nettoyage56.fr\/index.php\/mentions-legales\/","url":"https:\/\/auto-nettoyage56.fr\/index.php\/mentions-legales\/","name":"Mentions L\u00e9gales - Auto Nettoyage 56","isPartOf":{"@id":"https:\/\/auto-nettoyage56.fr\/#website"},"datePublished":"2023-06-19T13:46:06+00:00","dateModified":"2023-09-06T07:21:58+00:00","breadcrumb":{"@id":"https:\/\/auto-nettoyage56.fr\/index.php\/mentions-legales\/#breadcrumb"},"inLanguage":"fr-FR","potentialAction":[{"@type":"ReadAction","target":["https:\/\/auto-nettoyage56.fr\/index.php\/mentions-legales\/"]}]},{"@type":"BreadcrumbList","@id":"https:\/\/auto-nettoyage56.fr\/index.php\/mentions-legales\/#breadcrumb","itemListElement":[{"@type":"ListItem","position":1,"name":"Accueil","item":"https:\/\/auto-nettoyage56.fr\/"},{"@type":"ListItem","position":2,"name":"Mentions L\u00e9gales"}]},{"@type":"WebSite","@id":"https:\/\/auto-nettoyage56.fr\/#website","url":"https:\/\/auto-nettoyage56.fr\/","name":"Auto Nettoyage 56","description":"Nettoyage Auto | Detailing | Pr\u00e9paration esth\u00e9tique","publisher":{"@id":"https:\/\/auto-nettoyage56.fr\/#organization"},"potentialAction":[{"@type":"SearchAction","target":{"@type":"EntryPoint","urlTemplate":"https:\/\/auto-nettoyage56.fr\/?s={search_term_string}"},"query-input":"required name=search_term_string"}],"inLanguage":"fr-FR"},{"@type":"Organization","@id":"https:\/\/auto-nettoyage56.fr\/#organization","name":"Auto Nettoyage 56","url":"https:\/\/auto-nettoyage56.fr\/","logo":{"@type":"ImageObject","inLanguage":"fr-FR","@id":"https:\/\/auto-nettoyage56.fr\/#\/schema\/logo\/image\/","url":"https:\/\/auto-nettoyage56.fr\/wp-content\/uploads\/2025\/02\/cropped-cropped-Logo-Autonettoyage-56-blanc-e1739797704924-1.png","contentUrl":"https:\/\/auto-nettoyage56.fr\/wp-content\/uploads\/2025\/02\/cropped-cropped-Logo-Autonettoyage-56-blanc-e1739797704924-1.png","width":350,"height":150,"caption":"Auto Nettoyage 56"},"image":{"@id":"https:\/\/auto-nettoyage56.fr\/#\/schema\/logo\/image\/"},"sameAs":["https:\/\/www.instagram.com\/auto_nettoyage56\/"]}]}},"_links":{"self":[{"href":"https:\/\/auto-nettoyage56.fr\/index.php\/wp-json\/wp\/v2\/pages\/119"}],"collection":[{"href":"https:\/\/auto-nettoyage56.fr\/index.php\/wp-json\/wp\/v2\/pages"}],"about":[{"href":"https:\/\/auto-nettoyage56.fr\/index.php\/wp-json\/wp\/v2\/types\/page"}],"author":[{"embeddable":true,"href":"https:\/\/auto-nettoyage56.fr\/index.php\/wp-json\/wp\/v2\/users\/1"}],"replies":[{"embeddable":true,"href":"https:\/\/auto-nettoyage56.fr\/index.php\/wp-json\/wp\/v2\/comments?post=119"}],"version-history":[{"count":8,"href":"https:\/\/auto-nettoyage56.fr\/index.php\/wp-json\/wp\/v2\/pages\/119\/revisions"}],"predecessor-version":[{"id":567,"href":"https:\/\/auto-nettoyage56.fr\/index.php\/wp-json\/wp\/v2\/pages\/119\/revisions\/567"}],"wp:attachment":[{"href":"https:\/\/auto-nettoyage56.fr\/index.php\/wp-json\/wp\/v2\/media?parent=119"}],"curies":[{"name":"wp","href":"https:\/\/api.w.org\/{rel}","templated":true}]}}